{"id":8200,"date":"2023-06-06T20:48:20","date_gmt":"2023-06-06T20:48:20","guid":{"rendered":"https:\/\/oemeurope.es\/producto\/caja-de-panuelos-6\/"},"modified":"2023-06-29T06:12:00","modified_gmt":"2023-06-29T06:12:00","slug":"caja-de-panuelos-6","status":"publish","type":"product","link":"https:\/\/oemeurope.es\/en\/product\/caja-de-panuelos-6\/","title":{"rendered":"CAJA DE PA\u00d1UELOS REF. C-138"},"content":{"rendered":"","protected":false},"excerpt":{"rendered":"<p><strong>CAJA DE PA\u00d1UELOS REF.C-138<\/strong><br \/>CAJA DE CORCHO PERSONALIZADA DE 10 PA\u00d1UELOS 11,5X6X3 CM. DOS TIPOS DE CORCHO A ELEGIR SEG\u00daN EL MARCAJE DESEADO. OPCI\u00d3N PA\u00d1UELOS EN PAPEL RECICLADO<\/p>\n","protected":false},"featured_media":5155,"template":"","meta":[],"product_brand":[],"product_cat":[970],"product_tag":[703],"class_list":{"0":"post-8200","1":"product","2":"type-product","3":"status-publish","4":"has-post-thumbnail","6":"product_cat-tissues-box-cork-items","7":"product_tag-eco-friendly-en","9":"first","10":"instock","11":"shipping-taxable","12":"product-type-simple"},"_links":{"self":[{"href":"https:\/\/oemeurope.es\/en\/wp-json\/wp\/v2\/product\/8200","targetHints":{"allow":["GET"]}}],"collection":[{"href":"https:\/\/oemeurope.es\/en\/wp-json\/wp\/v2\/product"}],"about":[{"href":"https:\/\/oemeurope.es\/en\/wp-json\/wp\/v2\/types\/product"}],"wp:featuredmedia":[{"embeddable":true,"href":"https:\/\/oemeurope.es\/en\/wp-json\/wp\/v2\/media\/5155"}],"wp:attachment":[{"href":"https:\/\/oemeurope.es\/en\/wp-json\/wp\/v2\/media?parent=8200"}],"wp:term":[{"taxonomy":"product_brand","embeddable":true,"href":"https:\/\/oemeurope.es\/en\/wp-json\/wp\/v2\/product_brand?post=8200"},{"taxonomy":"product_cat","embeddable":true,"href":"https:\/\/oemeurope.es\/en\/wp-json\/wp\/v2\/product_cat?post=8200"},{"taxonomy":"product_tag","embeddable":true,"href":"https:\/\/oemeurope.es\/en\/wp-json\/wp\/v2\/product_tag?post=8200"}],"curies":[{"name":"wp","href":"https:\/\/api.w.org\/{rel}","templated":true}]}}